{"id":232,"date":"2016-12-14T21:47:57","date_gmt":"2016-12-14T20:47:57","guid":{"rendered":"http:\/\/husarenschwarzweiss.de\/wp\/?page_id=232"},"modified":"2019-10-03T10:15:20","modified_gmt":"2019-10-03T08:15:20","slug":"husarencorps","status":"publish","type":"page","link":"https:\/\/husarenschwarzweiss.de\/wp\/verein\/husarencorps\/","title":{"rendered":"Husarencorps"},"content":{"rendered":"<p>&nbsp;<\/p>\n<p style=\"text-align: center;\"><span style=\"color: #000000; font-family: Calibri;\">Hallo und herzlich Willkommen auf der Internetseite des Husarencorps der Husaren Schwarz-Wei\u00df.<\/span><\/p>\n<p><span style=\"color: #000000; font-family: Calibri;\"><a href=\"http:\/\/husarenschwarzweiss.de\/wp\/wp-content\/uploads\/2018\/12\/DSC05013.jpg\"><img loading=\"lazy\" decoding=\"async\" class=\"aligncenter wp-image-1755 size-large\" src=\"http:\/\/husarenschwarzweiss.de\/wp\/wp-content\/uploads\/2018\/12\/DSC05013-1024x682.jpg\" alt=\"\" width=\"780\" height=\"519\" srcset=\"https:\/\/husarenschwarzweiss.de\/wp\/wp-content\/uploads\/2018\/12\/DSC05013-1024x682.jpg 1024w, https:\/\/husarenschwarzweiss.de\/wp\/wp-content\/uploads\/2018\/12\/DSC05013-600x399.jpg 600w, https:\/\/husarenschwarzweiss.de\/wp\/wp-content\/uploads\/2018\/12\/DSC05013-300x200.jpg 300w, https:\/\/husarenschwarzweiss.de\/wp\/wp-content\/uploads\/2018\/12\/DSC05013-768x511.jpg 768w\" sizes=\"auto, (max-width: 780px) 100vw, 780px\" \/><\/a><\/span><\/p>\n<p><span style=\"color: #000000; font-family: Calibri;\">2009 hat sich eine Gruppe Frauen zusammengefunden, die einerseits keine aktiven T\u00e4nzer mehr waren, andererseits aber im Vereinsleben eine feste Rolle \u00fcbernehmen wollten.<\/span><\/p>\n<p><span style=\"color: #000000; font-family: Calibri;\">Sei es, um bei den vielen Aktivit\u00e4ten des Vereins im Laufe des Jahres zu unterst\u00fctzen und\/oder in der Session unsere Tanzcorps auf ihren Auftritten zu begleiten.<\/span><\/p>\n<p><span style=\"color: #000000; font-family: Calibri;\">Wir organisieren z.B. die Candybar auf unserem Sommerfest, die bei unseren Tanzkindern(und nicht nur bei den Kleinen) immer begeisterten Anklang findet sowie auch Unterhaltung der Kinder w\u00e4hrend des Festes in Form einer Kinderolympiade etc.<\/span><\/p>\n<p><span style=\"color: #000000; font-family: Calibri;\">\u00a0<\/span><span style=\"color: #000000; font-family: Calibri;\">Zusammen mit dem Elferrat stehen wir ebenso \u201eunsere Frau\u201c im Bierpilz auf dem Siegburger Stadtfest und unterst\u00fctzen in hohem Ma\u00dfe das schon seit langem von den Husaren ausgerichtete j\u00e4hrliche NRW Tanzturnier- die NRW-Meisterschaft. Dabei ist das Husarencorps sowohl im Verkauf an der Theke als auch in der K\u00fcche und im Verkauf zu finden, um sich um das leibliche Wohl unserer vielen G\u00e4ste zu k\u00fcmmern.<\/span><\/p>\n<p><span style=\"color: #000000; font-family: Calibri;\">So haben wir w\u00e4hrend des Jahres feste Aufgaben im Verein \u00fcbernommen. Dabei kommt die Geselligkeit aber nicht zu kurz.<\/span><\/p>\n<p><span style=\"color: #000000; font-family: Calibri;\">W\u00e4hrend unserer monatlichen Treffen haben wir immer neue Ideen, sowohl was unser Outfit bei gemeinsamen Auftritten w\u00e4hrend der Session angeht, als auch die Planung unseres Jahresausfluges.<\/span><\/p>\n<p><span style=\"color: #000000; font-family: Calibri;\">Dabei fuhren wir dieses Jahr nach K\u00f6ln, um in einer pers\u00f6nlichen F\u00fchrung mehr \u00fcber Liebe, Prostitution und Eheleben im alten K\u00f6ln zu erfahren.<\/span><\/p>\n<p><span style=\"color: #000000; font-family: Calibri;\"><a href=\"http:\/\/husarenschwarzweiss.de\/wp\/wp-content\/uploads\/2018\/12\/DSC04888.jpg\"><img loading=\"lazy\" decoding=\"async\" class=\"alignleft size-medium wp-image-1756\" src=\"http:\/\/husarenschwarzweiss.de\/wp\/wp-content\/uploads\/2018\/12\/DSC04888-300x200.jpg\" alt=\"\" width=\"300\" height=\"200\" srcset=\"https:\/\/husarenschwarzweiss.de\/wp\/wp-content\/uploads\/2018\/12\/DSC04888-300x200.jpg 300w, https:\/\/husarenschwarzweiss.de\/wp\/wp-content\/uploads\/2018\/12\/DSC04888-600x399.jpg 600w, https:\/\/husarenschwarzweiss.de\/wp\/wp-content\/uploads\/2018\/12\/DSC04888-768x511.jpg 768w, https:\/\/husarenschwarzweiss.de\/wp\/wp-content\/uploads\/2018\/12\/DSC04888-1024x682.jpg 1024w\" sizes=\"auto, (max-width: 300px) 100vw, 300px\" \/><\/a>Man kann sich vorstellen, wie viel Spa\u00df wir hatten!<a href=\"http:\/\/husarenschwarzweiss.de\/wp\/wp-content\/uploads\/2018\/12\/DSC04957.jpg\"><img loading=\"lazy\" decoding=\"async\" class=\"size-thumbnail wp-image-1757 alignright\" src=\"http:\/\/husarenschwarzweiss.de\/wp\/wp-content\/uploads\/2018\/12\/DSC04957-150x150.jpg\" alt=\"\" width=\"150\" height=\"150\" srcset=\"https:\/\/husarenschwarzweiss.de\/wp\/wp-content\/uploads\/2018\/12\/DSC04957-150x150.jpg 150w, https:\/\/husarenschwarzweiss.de\/wp\/wp-content\/uploads\/2018\/12\/DSC04957-300x300.jpg 300w, https:\/\/husarenschwarzweiss.de\/wp\/wp-content\/uploads\/2018\/12\/DSC04957-100x100.jpg 100w\" sizes=\"auto, (max-width: 150px) 100vw, 150px\" \/><\/a><\/span><\/p>\n<p><span style=\"color: #000000; font-family: Calibri;\">Nach der Bildung ging es dann um das leibliche Wohl, das wir im \u201eServus Colonia\u201c bei guter alpiner K\u00fcche genie\u00dfen konnten. Warum erst in die Alpen fahren, wo das Gute doch so nah ist\u2026<\/span><\/p>\n<p>&nbsp;<\/p>\n<p><span style=\"color: #000000; font-family: Calibri;\">Im Augenblick sind wir eine quirlige Gruppe von ca. 16 Frauen im Alter zwischen 30 und 80, die bei den monatlichen Treffen immer viel Spa\u00df haben.<\/span><\/p>\n<p><span style=\"color: #000000; font-family: Calibri;\">Haben wir euer Interesse geweckt? Dann einfach aufraffen und vorbeischauen im \u201eHotel Restaurant Siegblick\u201c, jeden 3. Donnerstag im Monat um 19:30 Uhr.<\/span><\/p>\n<p>&nbsp;<\/p>\n<p>&nbsp;<\/p>\n","protected":false},"excerpt":{"rendered":"<p>&nbsp; Hallo und herzlich Willkommen auf der Internetseite des Husarencorps der Husaren Schwarz-Wei\u00df. 2009 hat sich eine Gruppe Frauen zusammengefunden, die einerseits keine aktiven T\u00e4nzer mehr waren, andererseits aber im Vereinsleben eine feste Rolle \u00fcbernehmen wollten. Sei es, um bei den vielen Aktivit\u00e4ten des Vereins im Laufe des Jahres zu unterst\u00fctzen und\/oder in der Session unsere Tanzcorps auf ihren Auftritten zu begleiten. Wir organisieren z.B. die Candybar auf unserem Sommerfest, die bei unseren Tanzkindern(und nicht <a class=\"more-link\" href=\"https:\/\/husarenschwarzweiss.de\/wp\/verein\/husarencorps\/\">weiterlesen&#8230;<\/a><\/p>\n","protected":false},"author":1,"featured_media":0,"parent":238,"menu_order":0,"comment_status":"closed","ping_status":"closed","template":"","meta":{"ngg_post_thumbnail":0,"footnotes":""},"class_list":["post-232","page","type-page","status-publish","hentry"],"_links":{"self":[{"href":"https:\/\/husarenschwarzweiss.de\/wp\/wp-json\/wp\/v2\/pages\/232","targetHints":{"allow":["GET"]}}],"collection":[{"href":"https:\/\/husarenschwarzweiss.de\/wp\/wp-json\/wp\/v2\/pages"}],"about":[{"href":"https:\/\/husarenschwarzweiss.de\/wp\/wp-json\/wp\/v2\/types\/page"}],"author":[{"embeddable":true,"href":"https:\/\/husarenschwarzweiss.de\/wp\/wp-json\/wp\/v2\/users\/1"}],"replies":[{"embeddable":true,"href":"https:\/\/husarenschwarzweiss.de\/wp\/wp-json\/wp\/v2\/comments?post=232"}],"version-history":[{"count":0,"href":"https:\/\/husarenschwarzweiss.de\/wp\/wp-json\/wp\/v2\/pages\/232\/revisions"}],"up":[{"embeddable":true,"href":"https:\/\/husarenschwarzweiss.de\/wp\/wp-json\/wp\/v2\/pages\/238"}],"wp:attachment":[{"href":"https:\/\/husarenschwarzweiss.de\/wp\/wp-json\/wp\/v2\/media?parent=232"}],"curies":[{"name":"wp","href":"https:\/\/api.w.org\/{rel}","templated":true}]}}