{"id":201,"date":"2016-12-14T21:09:11","date_gmt":"2016-12-14T20:09:11","guid":{"rendered":"http:\/\/husarenschwarzweiss.de\/wp\/?page_id=201"},"modified":"2025-10-12T11:38:03","modified_gmt":"2025-10-12T09:38:03","slug":"senioren","status":"publish","type":"page","link":"https:\/\/husarenschwarzweiss.de\/wp\/tanzcorps\/senioren\/","title":{"rendered":"Senioren"},"content":{"rendered":"<p><strong>&nbsp;<\/strong><\/p>\n<p><img loading=\"lazy\" decoding=\"async\" class=\"aligncenter size-large wp-image-2223\" src=\"http:\/\/husarenschwarzweiss.de\/wp\/wp-content\/uploads\/2020\/02\/DSC05655-1024x683.jpg\" alt=\"\" width=\"780\" height=\"520\" srcset=\"https:\/\/husarenschwarzweiss.de\/wp\/wp-content\/uploads\/2020\/02\/DSC05655-1024x683.jpg 1024w, https:\/\/husarenschwarzweiss.de\/wp\/wp-content\/uploads\/2020\/02\/DSC05655-scaled-600x400.jpg 600w, https:\/\/husarenschwarzweiss.de\/wp\/wp-content\/uploads\/2020\/02\/DSC05655-300x200.jpg 300w, https:\/\/husarenschwarzweiss.de\/wp\/wp-content\/uploads\/2020\/02\/DSC05655-768x512.jpg 768w, https:\/\/husarenschwarzweiss.de\/wp\/wp-content\/uploads\/2020\/02\/DSC05655-1536x1024.jpg 1536w, https:\/\/husarenschwarzweiss.de\/wp\/wp-content\/uploads\/2020\/02\/DSC05655-2048x1365.jpg 2048w\" sizes=\"auto, (max-width: 780px) 100vw, 780px\" \/><\/p>\n<p>Seniorentanzcorps&#8230;<\/p>\n<p>dies ist zwar der offizielle Name dieser Tanzgruppe, der noch aus den aktiven Turnierzeiten stammt, keineswegs aber das widerspiegelt, was diese Gruppe wirklich ist.<\/p>\n<p>Wir sind eine junge, verr\u00fcckte, vielf\u00e4ltige, gemischte Gruppe die Spa\u00df am Teamsport und dem Erhalt der eigenen Fitness hat. Wir setzen uns stets neue Ziele und sind daran interessiert unser Programm immer frisch und lebendig zu halten. So entsteht fast jedes Jahr ein neuer Tanz.<br \/>\nUnser Tanzstil ist au\u00dfergew\u00f6hnlich.<br \/>\nWir sind keine Garde- und auch keine Showtanzgruppe, wir befinden uns irgendwo dazwischen.<br \/>\nUnser Leitfaden ist seit \u00fcber 30 Jahren ein und derselbe:<br \/>\n\u201eAlleine sind wir gut, zusammen unschlagbar\u201c!<br \/>\nDieses Motto leben und tanzen wir. Bei uns hat jeder die gleichen Chancen und bei uns ist jeder willkommen.<br \/>\nDu brauchst keine t\u00e4nzerischen Vorkenntnisse zu haben und du brauchst keinen Status, um bei uns einen Platz zu bekommen.<br \/>\nDu musst mit dem Herzen dabei sein. Das ist es, was f\u00fcr uns z\u00e4hlt und was uns ausmacht.<br \/>\nUm es mit den aktuellen Worten zu sagen:<br \/>\nBei uns z\u00e4hlt das G \u2013 GEMEINSAM.<br \/>\nWir freuen uns auf dich!<\/p>\n<p>&nbsp;<\/p>\n<p>Euer Seniorentanzcorps<\/p>\n<p style=\"text-align: center;\"><img loading=\"lazy\" decoding=\"async\" class=\"aligncenter size-large wp-image-2224\" src=\"http:\/\/husarenschwarzweiss.de\/wp\/wp-content\/uploads\/2020\/02\/DSC05646-1024x683.jpg\" alt=\"\" width=\"780\" height=\"520\" srcset=\"https:\/\/husarenschwarzweiss.de\/wp\/wp-content\/uploads\/2020\/02\/DSC05646-1024x683.jpg 1024w, https:\/\/husarenschwarzweiss.de\/wp\/wp-content\/uploads\/2020\/02\/DSC05646-scaled-600x400.jpg 600w, https:\/\/husarenschwarzweiss.de\/wp\/wp-content\/uploads\/2020\/02\/DSC05646-300x200.jpg 300w, https:\/\/husarenschwarzweiss.de\/wp\/wp-content\/uploads\/2020\/02\/DSC05646-768x512.jpg 768w, https:\/\/husarenschwarzweiss.de\/wp\/wp-content\/uploads\/2020\/02\/DSC05646-1536x1024.jpg 1536w, https:\/\/husarenschwarzweiss.de\/wp\/wp-content\/uploads\/2020\/02\/DSC05646-2048x1365.jpg 2048w\" sizes=\"auto, (max-width: 780px) 100vw, 780px\" \/><\/p>\n<p>&nbsp;<\/p>\n<table border=\"0\" width=\"90%\">\n<tbody>\n<tr>\n<td>Alter:<\/td>\n<td>16+ Jahre<\/td>\n<\/tr>\n<tr>\n<td>Trainer:<\/td>\n<td>Julia Becker, Sarah Fa\u00dfbender<\/td>\n<\/tr>\n<tr>\n<td>Tanzcorpsprecher:<\/td>\n<td>&nbsp;<\/td>\n<\/tr>\n<tr>\n<td>Kontakt<\/td>\n<td>&nbsp;<a href=\"&#x6d;&#x61;&#x69;&#x6c;&#116;&#111;&#58;se&#x6e;&#x69;&#x6f;&#x72;&#x65;&#110;&#64;&#104;us&#x61;&#x72;&#x65;&#x6e;&#x73;&#99;&#104;&#119;ar&#x7a;&#x77;&#x65;&#x69;&#x73;&#115;&#46;&#100;e\">E-Mail<\/a><\/td>\n<\/tr>\n<tr>\n<td>Buchung<\/td>\n<td>Buchen Sie uns <a href=\"http:\/\/husarenschwarzweiss.de\/wp\/tanzcorps\/\">hier <\/a><\/td>\n<\/tr>\n<tr>\n<td>&nbsp;<\/td>\n<td>&nbsp;<\/td>\n<\/tr>\n<\/tbody>\n<\/table>\n","protected":false},"excerpt":{"rendered":"<p>&nbsp; Seniorentanzcorps&#8230; dies ist zwar der offizielle Name dieser Tanzgruppe, der noch aus den aktiven Turnierzeiten stammt, keineswegs aber das widerspiegelt, was diese Gruppe wirklich ist. Wir sind eine junge, verr\u00fcckte, vielf\u00e4ltige, gemischte Gruppe die Spa\u00df am Teamsport und dem Erhalt der eigenen Fitness hat. Wir setzen uns stets neue Ziele und sind daran interessiert unser Programm immer frisch und lebendig zu halten. So entsteht fast jedes Jahr ein neuer Tanz. Unser Tanzstil ist au\u00dfergew\u00f6hnlich. <a class=\"more-link\" href=\"https:\/\/husarenschwarzweiss.de\/wp\/tanzcorps\/senioren\/\">weiterlesen&#8230;<\/a><\/p>\n","protected":false},"author":1,"featured_media":0,"parent":177,"menu_order":0,"comment_status":"closed","ping_status":"closed","template":"","meta":{"ngg_post_thumbnail":0,"footnotes":""},"class_list":["post-201","page","type-page","status-publish","hentry"],"_links":{"self":[{"href":"https:\/\/husarenschwarzweiss.de\/wp\/wp-json\/wp\/v2\/pages\/201","targetHints":{"allow":["GET"]}}],"collection":[{"href":"https:\/\/husarenschwarzweiss.de\/wp\/wp-json\/wp\/v2\/pages"}],"about":[{"href":"https:\/\/husarenschwarzweiss.de\/wp\/wp-json\/wp\/v2\/types\/page"}],"author":[{"embeddable":true,"href":"https:\/\/husarenschwarzweiss.de\/wp\/wp-json\/wp\/v2\/users\/1"}],"replies":[{"embeddable":true,"href":"https:\/\/husarenschwarzweiss.de\/wp\/wp-json\/wp\/v2\/comments?post=201"}],"version-history":[{"count":3,"href":"https:\/\/husarenschwarzweiss.de\/wp\/wp-json\/wp\/v2\/pages\/201\/revisions"}],"predecessor-version":[{"id":3885,"href":"https:\/\/husarenschwarzweiss.de\/wp\/wp-json\/wp\/v2\/pages\/201\/revisions\/3885"}],"up":[{"embeddable":true,"href":"https:\/\/husarenschwarzweiss.de\/wp\/wp-json\/wp\/v2\/pages\/177"}],"wp:attachment":[{"href":"https:\/\/husarenschwarzweiss.de\/wp\/wp-json\/wp\/v2\/media?parent=201"}],"curies":[{"name":"wp","href":"https:\/\/api.w.org\/{rel}","templated":true}]}}